{"id":73,"date":"2020-04-08T17:29:28","date_gmt":"2020-04-08T15:29:28","guid":{"rendered":"http:\/\/localhost\/frw\/?page_id=73"},"modified":"2020-04-29T16:41:14","modified_gmt":"2020-04-29T14:41:14","slug":"freeten-2","status":"publish","type":"page","link":"https:\/\/www.frosinonewireless.it\/frw\/freeten-2\/","title":{"rendered":"FreeTen"},"content":{"rendered":"\n<div class=\"wp-block-image\"><figure class=\"aligncenter size-full\"><img loading=\"lazy\" decoding=\"async\" width=\"1200\" height=\"445\" src=\"http:\/\/212.35.212.192\/frw\/wp-content\/uploads\/2020\/04\/pagina_freeten.jpg\" alt=\"FreeTen\" class=\"wp-image-262\" srcset=\"https:\/\/www.frosinonewireless.it\/frw\/wp-content\/uploads\/2020\/04\/pagina_freeten.jpg 1200w, https:\/\/www.frosinonewireless.it\/frw\/wp-content\/uploads\/2020\/04\/pagina_freeten-300x111.jpg 300w, https:\/\/www.frosinonewireless.it\/frw\/wp-content\/uploads\/2020\/04\/pagina_freeten-1024x380.jpg 1024w, https:\/\/www.frosinonewireless.it\/frw\/wp-content\/uploads\/2020\/04\/pagina_freeten-768x285.jpg 768w\" sizes=\"(max-width: 1200px) 100vw, 1200px\" \/><\/figure><\/div>\n\n\n\n<h2 class=\"wp-block-heading\">Informazioni generali di vendita<\/h2>\n\n\n\n<ul><li>Navigazione Internet senza limiti di tempo e di traffico.<\/li><li>Internet Veloce fino a 10Mbps in download e 2Mbps in upload.<\/li><li>Router wireless in comodato d&#8217;uso gratuito (in promo, anzich\u00e9 2,00\u20ac\/mese).<\/li><li>Costo d&#8217;installazione e attivazione del servizio pari a 90,00\u20ac (in promo anzich\u00e9 150,00\u20ac). <\/li><li>Assistenza tecnica telefonica gratuita.<\/li><li>Conferma attivazione previa verifica tecnica sul posto (gratuita).<\/li><li>Nessun costo di recesso se trascorsi 24 mesi dall&#8217;attivazione del servizio.<\/li><\/ul>\n\n\n\n<h2 class=\"wp-block-heading\">Dettaglio offerta<\/h2>\n\n\n\n<ul><li>Per poter usufruire del servizio \u00e8 necessario installare un&#8217;antenna wireless.<\/li><li>L&#8217;installazione standard prevede il cablaggio fino a 6 metri dal punto d&#8217;installazione dell&#8217;antenna, l&#8217;attivazione della nuova utenza ed il collaudo.<\/li><li>Pagamenti con fattura bimestrale anticipata.<\/li><li>Assistenza tecnica on-site al costo di 20,00\u20ac (diritto di chiamata).<\/li><li>Costi di recesso dal servizio pari a 35,00\u20ac se richiesto prima dei 24 mesi.<\/li><li>Spostamento impianto 50,00\u20ac (con ritiro apparati a carico del cliente).<\/li><li>Spostamento impianto 90,00\u20ac (con ritiro apparati a carico della FRWireless).<\/li><li>Tutti i prezzi riportati sono da considerarsi comprensivi di IVA.<\/li><\/ul>\n\n\n\n<h2 class=\"wp-block-heading\">Servizi aggiuntivi<\/h2>\n\n\n\n<ul><li><strong>VoIP<\/strong>: \u00e8 possibile richiedere una linea telefonica con tecnologia Voice Over IP, al costo di 3,00\u20ac\/mese comprensivo di chiamate gratuite per 2500 minuti\/mese verso rete fissa nazionale, e 60 minuti\/mese verso rete mobile nazionale, l&#8217;apparato per la gestione della linea telefonica pu\u00f2 essere acquistato in unica soluzione al costo di 80,00\u20ac oppure preso a noleggio a 3,00\u20ac\/mese per la durata del contratto.<\/li><li><strong>Portabilit\u00e0 numerazione telefonica<\/strong>: nel caso in cui il cliente avesse la necessit\u00e0 di mantenere la precedente numerazione telefonica fissa pu\u00f2 richiedere la portabilit\u00e0 della numerazione al costo di 24,40\u20ac una tantum.<\/li><li><strong>IP Statico<\/strong>: \u00e8 possibile richiedere per esigenze particolari di accessi remoti un indirizzo IP statico da assegnare al proprio servizio Internet al costo di 2,50\u20ac\/mese.<\/li><li><strong>Router<\/strong>: \u00e8 possibile richiedere l&#8217;acquisto di un router di ultima generazione (AVM Fritz!Box) al costo di 100,00\u20ac una tantum.<\/li><\/ul>\n","protected":false},"excerpt":{"rendered":"<p>Informazioni generali di vendita Navigazione Internet senza limiti di tempo e di traffico. Internet Veloce fino a 10Mbps in download e 2Mbps in upload. Router wireless in comodato d&#8217;uso gratuito (in promo, anzich\u00e9 2,00\u20ac\/mese). Costo d&#8217;installazione e attivazione del servizio pari a 90,00\u20ac (in promo anzich\u00e9 150,00\u20ac). Assistenza tecnica telefonica gratuita. Conferma attivazione previa verifica [&hellip;]<\/p>\n","protected":false},"author":1,"featured_media":0,"parent":0,"menu_order":0,"comment_status":"closed","ping_status":"closed","template":"templates\/page-gullwidth.php","meta":{"footnotes":""},"_links":{"self":[{"href":"https:\/\/www.frosinonewireless.it\/frw\/wp-json\/wp\/v2\/pages\/73"}],"collection":[{"href":"https:\/\/www.frosinonewireless.it\/frw\/wp-json\/wp\/v2\/pages"}],"about":[{"href":"https:\/\/www.frosinonewireless.it\/frw\/wp-json\/wp\/v2\/types\/page"}],"author":[{"embeddable":true,"href":"https:\/\/www.frosinonewireless.it\/frw\/wp-json\/wp\/v2\/users\/1"}],"replies":[{"embeddable":true,"href":"https:\/\/www.frosinonewireless.it\/frw\/wp-json\/wp\/v2\/comments?post=73"}],"version-history":[{"count":26,"href":"https:\/\/www.frosinonewireless.it\/frw\/wp-json\/wp\/v2\/pages\/73\/revisions"}],"predecessor-version":[{"id":326,"href":"https:\/\/www.frosinonewireless.it\/frw\/wp-json\/wp\/v2\/pages\/73\/revisions\/326"}],"wp:attachment":[{"href":"https:\/\/www.frosinonewireless.it\/frw\/wp-json\/wp\/v2\/media?parent=73"}],"curies":[{"name":"wp","href":"https:\/\/api.w.org\/{rel}","templated":true}]}}